{"id":513,"date":"2016-05-29T09:53:14","date_gmt":"2016-05-29T09:53:14","guid":{"rendered":"https:\/\/www.saltysinsofmartateresa.com\/?page_id=513&#038;lang=pl"},"modified":"2026-04-24T15:38:41","modified_gmt":"2026-04-24T05:38:41","slug":"o-mnie","status":"publish","type":"page","link":"https:\/\/oceanadventuretravel.com\/pl\/o-mnie\/","title":{"rendered":"O mnie"},"content":{"rendered":"<p class=\"font-claude-response-body break-words whitespace-normal leading-[1.7]\">Jestem Marta Teresa Pin \u2014 tw\u00f3rczyni tre\u015bci, videografka i fotografka z Sydney, specjalizuj\u0105ca si\u0119 w oceanicznych przygodach i podr\u00f3\u017cach. Dokumentuj\u0119 najbardziej wyj\u0105tkowe nadmorskie destynacje na \u015bwiecie.<\/p>\n<p class=\"font-claude-response-body break-words whitespace-normal leading-[1.7]\">Moje \u017cycie rozci\u0105ga si\u0119 na trzech kontynentach \u2014 dzikie pla\u017ce Australii, \u017cywa kultura Polski i Europy oraz tropikalne wody Cura\u00e7ao na Karaibach, sk\u0105d pochodzi m\u00f3j m\u0105\u017c. \u017bycie mi\u0119dzy tymi \u015bwiatami nap\u0119dza moj\u0105 ciekawo\u015b\u0107, kreatywno\u015b\u0107 i obsesj\u0119 na punkcie kolejnych oceanicznych przyg\u00f3d.<\/p>\n<p class=\"font-claude-response-body break-words whitespace-normal leading-[1.7]\">Kitesurf, freediving, eksploracja odleg\u0142ych wybrze\u017cy teren\u00f3wk\u0105 \u2014 wszystko dokumentuj\u0119 kamer\u0105 Sony, dronem i GoPro. Moje tre\u015bci opieraj\u0105 si\u0119 na jednej idei \u2014 inspirowaniu ludzi do aktywno\u015bci na oceanie i odkrywania \u015bwiata od strony wody.<\/p>\n<p class=\"font-claude-response-body break-words whitespace-normal leading-[1.7]\">Przez lata wsp\u00f3\u0142pracowa\u0142am z zarz\u0105dami turystycznymi, operatorami przygodowymi i markami lifestylowymi w Australii, na Karaibach i w Europie \u2014 tworz\u0105c tre\u015bci, kt\u00f3re sprawiaj\u0105, \u017ce ludzie przestaj\u0105 scrollowa\u0107 i zaczynaj\u0105 rezerwowa\u0107.<\/p>\n<p class=\"font-claude-response-body break-words whitespace-normal leading-[1.7]\">Kiedy nie goni\u0119 za wiatrem ani falami, jestem za kamer\u0105, za kierownic\u0105 mojego Tank 300 albo planuj\u0119 kolejny wyjazd w miejsce warte obsesji.<\/p>\n<p class=\"font-claude-response-body break-words whitespace-normal leading-[1.7]\"><em>\u017byj\u0105c mi\u0119dzy oceanami. Dokumentuj\u0105c marzenia.<\/em><\/p>\n<p class=\"font-claude-response-body break-words whitespace-normal leading-[1.7]\">\ud83d\udce7 <a class=\"underline underline underline-offset-2 decoration-1 decoration-current\/40 hover:decoration-current focus:decoration-current\" href=\"mailto:nuvibebymarta@gmail.com\">nuvibebymarta@gmail.com<\/a> \ud83d\udcf8 @martateresapin \ud83c\udfac @OceanAdventureTravel \ud83c\udf0a oceanadventuretravel.com<\/p>\n","protected":false},"excerpt":{"rendered":"<p>Jestem Marta Teresa Pin \u2014 tw\u00f3rczyni tre\u015bci, videografka i fotografka z Sydney, specjalizuj\u0105ca si\u0119 w oceanicznych przygodach i podr\u00f3\u017cach. Dokumentuj\u0119 najbardziej wyj\u0105tkowe nadmorskie destynacje na \u015bwiecie. Moje \u017cycie rozci\u0105ga si\u0119 na trzech kontynentach \u2014 dzikie pla\u017ce Australii, \u017cywa kultura Polski&#8230;<\/p>\n","protected":false},"author":367,"featured_media":3060,"parent":0,"menu_order":0,"comment_status":"closed","ping_status":"closed","template":"","meta":{"nf_dc_page":"","_monsterinsights_skip_tracking":false,"_monsterinsights_sitenote_active":false,"_monsterinsights_sitenote_note":"","_monsterinsights_sitenote_category":0,"footnotes":""},"class_list":["post-513","page","type-page","status-publish","has-post-thumbnail","hentry"],"_links":{"self":[{"href":"https:\/\/oceanadventuretravel.com\/pl\/wp-json\/wp\/v2\/pages\/513","targetHints":{"allow":["GET"]}}],"collection":[{"href":"https:\/\/oceanadventuretravel.com\/pl\/wp-json\/wp\/v2\/pages"}],"about":[{"href":"https:\/\/oceanadventuretravel.com\/pl\/wp-json\/wp\/v2\/types\/page"}],"author":[{"embeddable":true,"href":"https:\/\/oceanadventuretravel.com\/pl\/wp-json\/wp\/v2\/users\/367"}],"replies":[{"embeddable":true,"href":"https:\/\/oceanadventuretravel.com\/pl\/wp-json\/wp\/v2\/comments?post=513"}],"version-history":[{"count":14,"href":"https:\/\/oceanadventuretravel.com\/pl\/wp-json\/wp\/v2\/pages\/513\/revisions"}],"predecessor-version":[{"id":3185,"href":"https:\/\/oceanadventuretravel.com\/pl\/wp-json\/wp\/v2\/pages\/513\/revisions\/3185"}],"wp:featuredmedia":[{"embeddable":true,"href":"https:\/\/oceanadventuretravel.com\/pl\/wp-json\/wp\/v2\/media\/3060"}],"wp:attachment":[{"href":"https:\/\/oceanadventuretravel.com\/pl\/wp-json\/wp\/v2\/media?parent=513"}],"curies":[{"name":"wp","href":"https:\/\/api.w.org\/{rel}","templated":true}]}}